{"id":3134,"date":"2025-10-15T11:10:31","date_gmt":"2025-10-15T11:10:31","guid":{"rendered":"https:\/\/www.solipergroup.com\/?page_id=3134"},"modified":"2026-02-02T14:19:51","modified_gmt":"2026-02-02T14:19:51","slug":"cases","status":"publish","type":"page","link":"https:\/\/www.solipergroup.com\/de\/homepage\/cases\/","title":{"rendered":"Cases &#038; Experience"},"content":{"rendered":"<div class=\"wp-block-cover alignfull cover-cases\" style=\"margin-top:0;margin-bottom:0;padding-top:var(--wp--preset--spacing--20);padding-right:5vw;padding-bottom:var(--wp--preset--spacing--20);padding-left:5vw\"><img loading=\"lazy\" decoding=\"async\" width=\"1024\" height=\"381\" class=\"wp-block-cover__image-background wp-image-4088 size-large\" alt=\"\" src=\"https:\/\/www.solipergroup.com\/wp-content\/uploads\/2026\/01\/homa-appliances-ekjm9iD-F3o-unsplash-1024x381.webp\" data-object-fit=\"cover\" srcset=\"https:\/\/www.solipergroup.com\/wp-content\/uploads\/2026\/01\/homa-appliances-ekjm9iD-F3o-unsplash-1024x381.webp 1024w, https:\/\/www.solipergroup.com\/wp-content\/uploads\/2026\/01\/homa-appliances-ekjm9iD-F3o-unsplash-300x112.webp 300w, https:\/\/www.solipergroup.com\/wp-content\/uploads\/2026\/01\/homa-appliances-ekjm9iD-F3o-unsplash-768x286.webp 768w, https:\/\/www.solipergroup.com\/wp-content\/uploads\/2026\/01\/homa-appliances-ekjm9iD-F3o-unsplash-1536x571.webp 1536w, https:\/\/www.solipergroup.com\/wp-content\/uploads\/2026\/01\/homa-appliances-ekjm9iD-F3o-unsplash-2048x762.webp 2048w, https:\/\/www.solipergroup.com\/wp-content\/uploads\/2026\/01\/homa-appliances-ekjm9iD-F3o-unsplash-18x7.webp 18w\" sizes=\"auto, (max-width: 1024px) 100vw, 1024px\" \/><span aria-hidden=\"true\" class=\"wp-block-cover__background has-custom-soliper-blue-background-color has-background-dim\"><\/span><div class=\"wp-block-cover__inner-container is-layout-flow wp-container-core-cover-is-layout-a4bf8581 wp-block-cover-is-layout-flow\">\n<div style=\"height:100px\" aria-hidden=\"true\" class=\"wp-block-spacer\"><\/div>\n\n\n\n<div class=\"wp-block-group is-layout-flow wp-container-core-group-is-layout-feb24848 wp-block-group-is-layout-flow\">\n<p class=\"has-text-align-left has-white-color has-text-color has-link-color wp-elements-ee3d3075cd976418b0f4a96d92f8b5e2\" style=\"font-size:clamp(39.963px, 2.498rem + ((1vw - 3.2px) * 3.435), 75px);font-style:normal;font-weight:700;letter-spacing:0px;line-height:0.7;text-transform:none\">Projekte <\/p>\n<\/div>\n\n\n\n<div style=\"height:60px\" aria-hidden=\"true\" class=\"wp-block-spacer\"><\/div>\n<\/div><\/div>\n\n\n\n<div aria-hidden=\"true\" class=\"wp-block-spacer\"><\/div>\n<section id=\"main-section\">\n<\/section>\n<style>\n  html {\n    scroll-behavior: smooth;\n  }\n\n  section {\n    scroll-margin-top: 1000px; \/* matches header height *\/\n  }\n<\/style>\n\n\n\n<div class=\"wp-block-cover alignfull\" style=\"margin-top:0;padding-top:20px;padding-right:5vw;padding-bottom:20px;padding-left:5vw\" id=\"OurCases\"><span aria-hidden=\"true\" class=\"wp-block-cover__background has-custom-soliper-blue-background-color has-background-dim-100 has-background-dim\"><\/span><div class=\"wp-block-cover__inner-container is-layout-flow wp-block-cover-is-layout-flow\">\n<div style=\"height:100px\" aria-hidden=\"true\" class=\"wp-block-spacer\"><\/div>\n\n\n\n<div class=\"wp-block-group is-content-justification-space-between is-layout-flex wp-container-core-group-is-layout-b04426d0 wp-block-group-is-layout-flex\">\n<div class=\"wp-block-group full-width2 wp-container-content-9cfa9a5a is-layout-flow wp-container-core-group-is-layout-7e465843 wp-block-group-is-layout-flow\" style=\"padding-right:200px;padding-left:200px\">\n<style>\n.header{\n  color: white;\n  background-color: #092440;\n  padding: 5px 20px;\n  border:none;\n  border-bottom: 3px solid #e46c0a; \n  font-weight: bold;\n  \n  \n  }\n\n.collapsible {\n  background-color:#092440;\n  color: white;\n  cursor: pointer;\n  padding: 25px 20px;\n  width: 100%;\n  border: none;\n  outline: none;\n  text-align: left;\n  border-bottom: 3px solid #e46c0a; \n  font-size: 20px;\n  \n}\n\n.active, .collapsible:hover {\n  background-color: #e46c0a;\n}\n\n\n.collapsible i{\n  font-size: 15px;\n}\n\n.content {\n  color: white;\n  padding: 0 18px;\n  max-height: 0;\n  overflow: hidden;\n  transition: max-height 0.2s ease-out;\n  background-color: #092440;\n  border:none;\n \n}\n\n.content b {\n  font-weight: 700; \n}\n\n.back-btn {\nmargin-top: 20px;\n}\n\n\n\n<\/style>\n<\/head>\n<body>\n<link rel=\"stylesheet\" href=\"https:\/\/cdnjs.cloudflare.com\/ajax\/libs\/font-awesome\/6.5.0\/css\/all.min.css\">\n\n\n <div class=\"header\">\n  <p> FALLBEISPIELE:<\/p>\n <\/div>\n <button class=\"collapsible\"><b>Integratives Value Engineering <\/b><br><i>(Elektronik &amp; Industrieprodukte)<\/i><\/button>\n <div class=\"content\">\n   <p>Zur Steigerung der Wettbewerbsf\u00e4higkeit ben\u00f6tigten Kunden bei der Entwicklung neuer, komplexer Produkte signifikante Kostensenkungen bereits in <b> in fr\u00fchen Entwicklungsphasen <\/b>\u2013 ohne Abstriche bei Leistung, Qualit\u00e4t oder Skalierbarkeit.\n<br><br>\nSOLIPER setzte integratives Value Engineering ein, indem Produktdesign, Fertigungskonzepte und Supply-Chain-Entscheidungen von Beginn an eng miteinander verzahnt wurden. Kosten-, Fertigbarkeits- und Lieferkettenaspekte flossen fr\u00fchzeitig in die Entwicklung ein, bevor Designentscheidungen final festgeschrieben wurden.\n\nDas Ergebnis waren Kostensenkungen von 25\u201335 %, eine verbesserte Fertigbarkeit, reduzierte technische und lieferkettenbezogene Risiken sowie eine beschleunigte Markteinf\u00fchrung neuer Produkte.\n<br><br>\n<a href=\"#Contact\">&rarr; <i> Neugierig, wie das auf Ihre Situation \u00fcbertragbar ist? Sprechen wir dar\u00fcber. <\/i><\/a>\n<\/p>\n <\/div>\n\n\n <button class=\"collapsible\"><b> Integratives Value Engineering regulierte Industrien <\/b><br><i>(Medizintechnik &amp; regulierte Industrien)<\/i><\/button>\n <div class=\"content\">\n   <p>Unternehmen in regulierten Umfeldern ben\u00f6tigten substanzielle Kostensenkungen \u00fcber <b> bestehende Produkte hinweg <\/b>, bei gleichzeitig strikter Einhaltung regulatorischer, qualitativer und risikobezogener Anforderungen. <br>\nSOLIPER setzte Value Engineering innerhalb bestehender Produkt- und Fertigungslebenszyklen ein und brachte Kostenoptimierung, Compliance und Change-Management in ein ausgewogenes Verh\u00e4ltnis. Produkt- und Prozess\u00e4nderungen wurden kontrolliert umgesetzt und vollst\u00e4ndig mit regulatorischen und validierungsrelevanten Vorgaben abgestimmt. <br>\nSo konnten Kostensenkungen von 20\u201330 % realisiert, die Fertigbarkeit verbessert und technische sowie lieferkettenbezogene Risiken reduziert werden \u2014 ohne die regulatorische Integrit\u00e4t oder bestehende Zulassungen zu gef\u00e4hrden.\n<br><br>\n<a href=\"#Contact\">&rarr; <i> Neugierig, wie das auf Ihre Situation \u00fcbertragbar ist? Sprechen wir dar\u00fcber. <\/i><\/a>\n<\/p>\n <\/div>\n\n\n <button class=\"collapsible\"><b>Strukturelle Kostensenkung <\/b><br><i>(Automotive, Biotech &amp; Industrie)<\/i><\/button>\n <div class=\"content\">\n   <p>Ein Unternehmen ben\u00f6tigte einen deutlichen Sprung in der j\u00e4hrlichen Kostensenkungsleistung, da klassische, verhandlungsbasierte Ans\u00e4tze ihre Grenzen erreicht hatten. <br>\nSOLIPER f\u00fchrte einen strukturierten, funktions\u00fcbergreifenden Cost-Down-Ansatz ein, der \u00fcber reine Einkaufsverhandlungen hinausging und Engineering-, kaufm\u00e4nnische und operative Perspektiven integrierte. Dadurch entstand ein transparenter, priorisierter Cost-Down-Funnel, der fundierte unternehmerische Entscheidungen erm\u00f6glichte. <br>\nInfolgedessen erh\u00f6hte sich die strukturelle Einsparungsleistung um <b> drei <\/b>und erm\u00f6glichte nachhaltige Kostensenkungen Jahr f\u00fcr Jahr. <br> <br>\n<a href=\"#Contact\">&rarr; <i> Neugierig, wie das auf Ihre Situation \u00fcbertragbar ist? Sprechen wir dar\u00fcber. <\/i><\/a>\n<\/p>\n <\/div>\n\n\n <button class=\"collapsible\"><b>Greenfield-Fertigungsnetzwerk f\u00fcr die Erweiterung eines Biopharma-Portfolios<\/b><br><i>(Life Science &amp; Biopharma)<\/i><\/button>\n <div class=\"content\">\n   <p>Ein Biopharma-Unternehmen musste die Produktionskapazit\u00e4ten f\u00fcr ein neues Produktportfolio kurzfristig ausbauen und dabei strenge GMP-, regulatorische und Reinheitsanforderungen erf\u00fcllen. Die interne Fertigungsbereitschaft h\u00e4tte den Markteintritt um mehrere Jahre verz\u00f6gert. <br> <br>\nSOLIPER konzipierte und implementierte ein globales, standort\u00fcbergreifendes Fertigungsnetzwerk unter Einbindung qualifizierter CMOs in den USA, Asien und Europa. Engineering-, Einkaufs-, Qualit\u00e4ts-, Regulatory- und Supply-Chain-Aktivit\u00e4ten wurden von Beginn an vollst\u00e4ndig integriert, um Compliance und Skalierbarkeit sicherzustellen. <br> <br>\nDadurch erreichte der Kunde eine Beschleunigung der Markteinf\u00fchrung um drei Jahre, band mehrere qualifizierte CMOs an und realisierte erhebliche CAPEX- und OPEX-Einsparungen \u2013 bei gleichzeitig gest\u00e4rkter Lieferkettenresilienz.\n <br><br><a href=\"#Contact\">&rarr; <i> Neugierig, wie das auf Ihre Situation \u00fcbertragbar ist? Sprechen wir dar\u00fcber. <\/i><\/a>\n<\/p>\n <\/div>\n\n\n<button class=\"collapsible\"><b>Outsourcing von Biotech-Produktion <\/b><br><i>(Life Science &amp; Biotech)<\/i><\/button>\n <div class=\"content\">\n   <p>Ein Biotech-Hersteller stand vor der Herausforderung, seine Produktionskapazit\u00e4ten kurzfristig zu skalieren und gleichzeitig die Resilienz seiner Lieferkette zu st\u00e4rken. Interne Einsch\u00e4tzungen zeigten, dass die erforderlichen Produktionsverlagerungen mindestens zwei Jahre in Anspruch nehmen w\u00fcrden. <br>\nInnerhalb eines Jahres erm\u00f6glichte SOLIPER eine erfolgreiche Multi-Site-Outsourcing-Strategie in den USA und S\u00fcdostasien. Die Produktionskapazit\u00e4t wurde verdreifacht, die Qualit\u00e4tsperformance verbessert und die Kosten um bis zu <b>30%<\/b>reduziert \u2013 bei gleichzeitig deutlich erh\u00f6hter Lieferkettenresilienz.\n\n <br><br><a href=\"#Contact\">&rarr; <i> Neugierig, wie das auf Ihre Situation \u00fcbertragbar ist? Sprechen wir dar\u00fcber. <\/i><\/a>\n<\/p>\n <\/div>\n\n<button class=\"collapsible\"><b>Supply-Chain  Risiko Management &amp; Resilienz <\/b><br><i>(Biotech &amp; Industrie)<\/i><\/button>\n <div class=\"content\">\n   <p>Um zuk\u00fcnftige Umsatzverluste zu vermeiden, ben\u00f6tigten Unternehmen bessere Transparenz \u00fcber Risiken in der Lieferkette. Standardisierte Risikomanagement-Ans\u00e4tze erwiesen sich als unzureichend, da sie das spezifische Risikoprofil des Produktportfolios nicht abbildeten. <br>\nSOLIPER implemented a <b>ma\u00dfgeschneiderten Resilienzansatz <\/b>, der die Kritikalit\u00e4t der Endprodukte mit Risiken entlang der Lieferkette und auf Lieferantenebene verkn\u00fcpfte. Durch die Ausrichtung des Risikomanagements an Gesch\u00e4ftszielen und Produktportfolio erhielten die Kunden umsetzbare Transparenz, die gezielte Gegenma\u00dfnahmen und eine strukturelle Risikoreduktion erm\u00f6glichte \u2013 mit deutlich verbesserter Versorgungssicherheit und Resilienz.\n\n <br><br><a href=\"#Contact\">&rarr; <i> Neugierig, wie das auf Ihre Situation \u00fcbertragbar ist? Sprechen wir dar\u00fcber. <\/i><\/a>\n<\/p>\n <\/div>\n\n<button class=\"collapsible\"><b>Outsourcing &amp; Produktionsverlagerung<\/b><br><i>(Automotive, Biotech &amp; Industrie)<\/i><\/button>\n <div class=\"content\">\n   <p>Kunden standen vor der Aufgabe, Produktionskapazit\u00e4ten standort\u00fcbergreifend zu verlagern und zu skalieren, um Kapazit\u00e4t, Resilienz und Kostenwettbewerbsf\u00e4higkeit zu verbessern \u2013 ohne Qualit\u00e4t oder Versorgungskontinuit\u00e4t zu beeintr\u00e4chtigen. <br>\nSOLIPER steuerte komplexe Produktionsverlagerungen \u00fcber mehrere Standorte und Lieferanten hinweg und richtete Engineering, Einkauf, Qualit\u00e4t und Operations konsequent aufeinander aus. Die Verlagerungen wurden schneller als intern erwartet umgesetzt und erm\u00f6glichten eine rasche Kapazit\u00e4tserweiterung, eine verbesserte Qualit\u00e4tsperformance sowie nachhaltige Kostensenkungen.\n<br> <br><a href=\"#Contact\">&rarr; <i> Neugierig, wie das auf Ihre Situation \u00fcbertragbar ist? Sprechen wir dar\u00fcber. <\/i><\/a>\n<\/p>\n <\/div>\n\n<button class=\"collapsible\"><b>Procurement-Transformation<\/b><br><i>(Industrie &amp; Konsumg\u00fcter)<\/i><\/button>\n <div class=\"content\">\n   <p>Eine globale Organisation verfolgte das Ziel, den Einkauf von einer operativen Funktion zu einem strategischen Beitrag zur Unternehmensperformance weiterzuentwickeln \u2013 mit klaren Ambitionen in Bezug auf EBITDA-Verbesserung, Qualit\u00e4t, Risikomanagement und CapEx-Reduktion. <br>\nSOLIPER konzipierte und implementierte ein ma\u00dfgeschneidertes Transformationsprogramm, das den Einkauf in die Lage versetzte, messbare Beitr\u00e4ge zu Kosten, Qualit\u00e4t, Resilienz, Compliance und Nachhaltigkeit zu leisten.\n\n<br><br><a href=\"#Contact\">&rarr; <i> Neugierig, wie das auf Ihre Situation \u00fcbertragbar ist? Sprechen wir dar\u00fcber. <\/i><\/a>\n<\/p>\n <\/div>\n\n<button class=\"collapsible\"><b>Einkauf im Gesundheitswesen <\/b><br><i>(Gesundheitswesen)<\/i><\/button>\n <div class=\"content\">\n   <p>Organisationen im Gesundheitswesen mussten ihre Einkaufsperformance verbessern und gleichzeitig die Qualit\u00e4t der Versorgung sowie die Einhaltung regulatorischer Anforderungen sicherstellen. <br>\nSOLIPER unterst\u00fctzte Krankenh\u00e4user und weitere Gesundheitseinrichtungen bei der Optimierung des Einkaufs, der Umsetzung von Kostensenkungsprogrammen sowie bei komplexen Systemimplementierungen. Dies f\u00fchrte zu verbesserter Kostenkontrolle, h\u00f6heren Servicelevels und einer gest\u00e4rkten Governance.\n <br><br><a href=\"#Contact\">&rarr; <i> Neugierig, wie das auf Ihre Situation \u00fcbertragbar ist? Sprechen wir dar\u00fcber. <\/i><\/a>\n<\/p>\n <\/div>\n\n<button class=\"collapsible\"><b>Nachhaltigkeit: Von Compliance zur Chance<\/b><br><i>(Industrie &amp; Life Science)<\/i><\/button>\n <div class=\"content\">\n   <p>Angesichts zunehmender Nachhaltigkeitsregulierung musste ein Unternehmen die Einhaltung gesetzlicher Anforderungen \u00fcber komplexe, globale Lieferbasen hinweg sicherstellen \u2013 ohne operative Abl\u00e4ufe zu st\u00f6ren oder Risiken zu erh\u00f6hen. <br>\nSOLIPER implementierte einen strukturierten Nachhaltigkeitsansatz, der \u00fcber reine regulatorische Compliance hinausging. Durch die Verankerung von Nachhaltigkeitskriterien in Beschaffungsentscheidungen und der Lieferantengovernance wurde tiefgehende Transparenz entlang der gesamten Lieferkette geschaffen.<br>\nDies versetzte die Organisationen in die Lage, aktiv auf Risiken, Footprint, Kosten und Lieferantenstrategie zu steuern und Nachhaltigkeit von einer Compliance-Verpflichtung zu einem strategischen Hebel f\u00fcr Entscheidungsfindung und Wertsch\u00f6pfung weiterzuentwickeln.\n\n<br><br><a href=\"#Contact\">&rarr; <i> Neugierig, wie das auf Ihre Situation \u00fcbertragbar ist? Sprechen wir dar\u00fcber. <\/i><\/a>\n<\/p>\n <\/div>\n<div class=\"back-btn\">\n<a href=\"#main-section\" class=\"back-button\">\u2190 Zur\u00fcck<\/a>\n<\/div>\n<script>\nvar coll = document.getElementsByClassName(\"collapsible\");\nvar i;\n\nfor (i = 0; i < coll.length; i++) {\n  coll[i].addEventListener(\"click\", function() {\n    this.classList.toggle(\"active\");\n    var content = this.nextElementSibling;\n    if (content.style.maxHeight){\n      content.style.maxHeight = null;\n    } else {\n      content.style.maxHeight = content.scrollHeight + \"px\";\n    } \n  });\n}\n<\/script>\n<\/div>\n<\/div>\n\n\n\n<div style=\"height:100px\" aria-hidden=\"true\" class=\"wp-block-spacer\"><\/div>\n<\/div><\/div>","protected":false},"excerpt":{"rendered":"","protected":false},"author":1,"featured_media":0,"parent":3095,"menu_order":0,"comment_status":"closed","ping_status":"closed","template":"","meta":{"footnotes":""},"class_list":["post-3134","page","type-page","status-publish","hentry"],"_links":{"self":[{"href":"https:\/\/www.solipergroup.com\/de\/wp-json\/wp\/v2\/pages\/3134","targetHints":{"allow":["GET"]}}],"collection":[{"href":"https:\/\/www.solipergroup.com\/de\/wp-json\/wp\/v2\/pages"}],"about":[{"href":"https:\/\/www.solipergroup.com\/de\/wp-json\/wp\/v2\/types\/page"}],"author":[{"embeddable":true,"href":"https:\/\/www.solipergroup.com\/de\/wp-json\/wp\/v2\/users\/1"}],"replies":[{"embeddable":true,"href":"https:\/\/www.solipergroup.com\/de\/wp-json\/wp\/v2\/comments?post=3134"}],"version-history":[{"count":152,"href":"https:\/\/www.solipergroup.com\/de\/wp-json\/wp\/v2\/pages\/3134\/revisions"}],"predecessor-version":[{"id":5485,"href":"https:\/\/www.solipergroup.com\/de\/wp-json\/wp\/v2\/pages\/3134\/revisions\/5485"}],"up":[{"embeddable":true,"href":"https:\/\/www.solipergroup.com\/de\/wp-json\/wp\/v2\/pages\/3095"}],"wp:attachment":[{"href":"https:\/\/www.solipergroup.com\/de\/wp-json\/wp\/v2\/media?parent=3134"}],"curies":[{"name":"wp","href":"https:\/\/api.w.org\/{rel}","templated":true}]}}