{"id":3370,"date":"2025-11-09T12:20:51","date_gmt":"2025-11-09T12:20:51","guid":{"rendered":"https:\/\/www.solipergroup.com\/?page_id=3370"},"modified":"2026-01-31T20:02:21","modified_gmt":"2026-01-31T20:02:21","slug":"this-is-us-jas","status":"publish","type":"page","link":"https:\/\/www.solipergroup.com\/de\/homepage\/this-is-us-jas\/","title":{"rendered":"This is Us jas"},"content":{"rendered":"<div class=\"wp-block-cover alignfull is-light this-is-us\" style=\"margin-top:0;margin-bottom:0;padding-top:var(--wp--preset--spacing--20);padding-right:5vw;padding-bottom:var(--wp--preset--spacing--20);padding-left:5vw\" id=\"ThisIsUs\"><span aria-hidden=\"true\" class=\"wp-block-cover__background has-background-dim-100 has-background-dim\" style=\"background-color:#7da2af\"><\/span><div class=\"wp-block-cover__inner-container is-layout-flow wp-container-core-cover-is-layout-a4bf8581 wp-block-cover-is-layout-flow\">\n<div style=\"height:100px\" aria-hidden=\"true\" class=\"wp-block-spacer\"><\/div>\n\n\n\n<div class=\"wp-block-group is-layout-flow wp-container-core-group-is-layout-feb24848 wp-block-group-is-layout-flow\">\n<div class=\"wp-block-columns is-layout-flex wp-container-core-columns-is-layout-28f84493 wp-block-columns-is-layout-flex\">\n<div class=\"wp-block-column is-layout-flow wp-block-column-is-layout-flow\" style=\"flex-basis:25%\">\n<p class=\"has-text-align-left has-white-color has-text-color has-link-color wp-elements-bd0c2e718a8fdf2bb5c01a7857b66768\" style=\"font-size:clamp(39.538px, 2.471rem + ((1vw - 3.2px) * 3.379), 74px);font-style:normal;font-weight:700;letter-spacing:0px;line-height:0.8;text-transform:none\">Das sind wir<\/p>\n\n\n\n<p class=\"has-base-color has-text-color has-link-color has-medium-font-size wp-elements-46aae7a103e627766c7695399d27fda1\" style=\"padding-top:0;padding-right:0;padding-bottom:0;font-style:normal;font-weight:600;line-height:0.6\"><a href=\"#ourteam\">Unser Team<\/a><\/p>\n\n\n\n<p class=\"has-base-color has-text-color has-link-color has-medium-font-size wp-elements-0ae40c6cb7ff0f12132b6271722d0bd7\" style=\"font-style:normal;font-weight:600;line-height:0.3\"><a href=\"#ourfounders\">Unsere Gr\u00fcnder<\/a><\/p>\n<\/div>\n\n\n\n<div class=\"wp-block-column is-layout-flow wp-block-column-is-layout-flow\" style=\"padding-right:2rem;padding-left:1rem;flex-basis:60%\">\n<p style=\"margin-top:0;margin-bottom:0;padding-top:0;padding-bottom:0;font-style:normal;font-weight:700\"><strong>At Soliper, we don\u2019t just advise \u2014 we Implement.<\/strong><\/p>\n\n\n\n<p style=\"margin-top:0;padding-top:0;padding-bottom:0;line-height:1.5\">Wir sind Ingenieure, Einkaufsspezialisten, Supply-Chain-Experten und Transformation Leader. Mit umfassender praktischer Erfahrung und einem klaren Fokus auf die Umsetzung von L\u00f6sungen mit nachhaltiger Wirkung verbessern wir die operative Performance kompletter Wertsch\u00f6pfungsketten.<\/p>\n\n\n\n<p>Dabei geht es nicht nur um Operations mit dem Produkt am Ende \u2013 das Produkt und sein Wertbeitrag steht im Zentrum. Es definiert eine Wertsch\u00f6pfungskette, in der Menschen aus unterschiedlichen Disziplinen, mit unterschiedlichen F\u00e4higkeiten und Technologien, eng zusammenarbeiten m\u00fcssen, um messbaren gesch\u00e4ftlichen Mehrwert zu schaffen.\nGenau deshalb b\u00fcndeln wir diese Expertisen in einem Team.<\/p>\n<\/div>\n<\/div>\n<\/div>\n\n\n\n<div style=\"height:60px\" aria-hidden=\"true\" class=\"wp-block-spacer\"><\/div>\n<\/div><\/div>\n\n\n\n<div class=\"wp-block-group has-global-padding is-layout-constrained wp-block-group-is-layout-constrained\">\n<section id=\"main-section\">\n<\/section>\n<style>\n  html {\n    scroll-behavior: smooth;\n  }\n section {\n    scroll-margin-top: -1000px; \/* matches header height *\/\n  }\n<\/style>\n<\/style>\n<\/div>\n\n\n\n<div class=\"wp-block-cover alignfull\" style=\"margin-top:0;padding-top:10px;padding-right:5vw;padding-bottom:10px;padding-left:5vw\" id=\"ourteam\"><img loading=\"lazy\" decoding=\"async\" width=\"1024\" height=\"683\" class=\"wp-block-cover__image-background wp-image-4783 size-large\" alt=\"\" src=\"https:\/\/www.solipergroup.com\/wp-content\/uploads\/2026\/01\/groupwebsite-1024x683.webp\" data-object-fit=\"cover\" srcset=\"https:\/\/www.solipergroup.com\/wp-content\/uploads\/2026\/01\/groupwebsite-1024x683.webp 1024w, https:\/\/www.solipergroup.com\/wp-content\/uploads\/2026\/01\/groupwebsite-300x200.webp 300w, https:\/\/www.solipergroup.com\/wp-content\/uploads\/2026\/01\/groupwebsite-768x512.webp 768w, https:\/\/www.solipergroup.com\/wp-content\/uploads\/2026\/01\/groupwebsite-1536x1024.webp 1536w, https:\/\/www.solipergroup.com\/wp-content\/uploads\/2026\/01\/groupwebsite-2048x1365.webp 2048w, https:\/\/www.solipergroup.com\/wp-content\/uploads\/2026\/01\/groupwebsite-18x12.webp 18w\" sizes=\"auto, (max-width: 1024px) 100vw, 1024px\" \/><span aria-hidden=\"true\" class=\"wp-block-cover__background has-background-dim\" style=\"background-color:#0a2f3e\"><\/span><div class=\"wp-block-cover__inner-container is-layout-flow wp-block-cover-is-layout-flow\">\n<div style=\"height:40px\" aria-hidden=\"true\" class=\"wp-block-spacer\"><\/div>\n\n\n\n<div class=\"wp-block-group is-layout-flow wp-container-core-group-is-layout-feb24848 wp-block-group-is-layout-flow\">\n<div class=\"wp-block-columns is-layout-flex wp-container-core-columns-is-layout-28f84493 wp-block-columns-is-layout-flex\">\n<div class=\"wp-block-column is-layout-flow wp-block-column-is-layout-flow\" style=\"flex-basis:25%\">\n<p class=\"has-text-align-left has-white-color has-text-color has-link-color wp-elements-a0713104a20d59cde60c73517fa91424\" style=\"font-size:clamp(24.034px, 1.502rem + ((1vw - 3.2px) * 1.565), 40px);font-style:normal;font-weight:700;letter-spacing:0px;line-height:0.7;text-transform:none\">Unser Team<\/p>\n<\/div>\n\n\n\n<div class=\"wp-block-column has-background is-layout-flow wp-container-core-column-is-layout-773fc5a2 wp-block-column-is-layout-flow\" style=\"border-style:none;border-width:0px;border-radius:18px;background-color:#ffffffbf;padding-top:var(--wp--preset--spacing--20);padding-right:2rem;padding-bottom:var(--wp--preset--spacing--20);padding-left:1rem;flex-basis:60%\">\n<p class=\"has-contrast-color has-text-color has-link-color wp-elements-5e4af82c0bd2c2820caccfd41f30c462\" style=\"line-height:1.5\"><strong><strong>Erfahrene Experten mit Fokus auf messbare Ergebnisse.<\/strong><\/strong><\/p>\n\n\n\n<p class=\"has-contrast-color has-text-color has-link-color wp-elements-2a619d6c6f06e5e1b287ee2e60e00725\" style=\"font-style:normal;font-weight:400;line-height:1.5\">Jedes Teammitglied bringt mehr als 25 Jahre praktische Erfahrung in High-Tech- und regulierten Industrien mit.\nWir decken ein breites Spektrum ab \u2013 von Procurement und Supply Chain \u00fcber Engineering und Qualit\u00e4t bis hin zu Strategie.<\/p>\n\n\n\n<p class=\"has-contrast-color has-text-color has-link-color wp-elements-fdd0676fa4cab9279f7a0ede9e75dea5\" style=\"font-style:normal;font-weight:400\">Diese Breite erm\u00f6glicht es uns, Teams gezielt auf Ihre Anforderungen zuzuschneiden, und versetzt uns in die Lage, nicht nur zu beraten, sondern die Umsetzung aktiv voranzutreiben \u2013 sowohl in Turnkey-Projekten als auch in Interim-Rollen.<\/p>\n<\/div>\n<\/div>\n<\/div>\n\n\n\n<div class=\"wp-block-cover is-light full-width\"><span aria-hidden=\"true\" class=\"wp-block-cover__background has-background-dim-0 has-background-dim\"><\/span><div class=\"wp-block-cover__inner-container is-layout-flow wp-block-cover-is-layout-flow\">\n<div class=\"wp-block-group has-global-padding is-layout-constrained wp-container-core-group-is-layout-d385b1de wp-block-group-is-layout-constrained\" style=\"padding-top:var(--wp--preset--spacing--40);padding-right:0;padding-left:0\">\n<link rel=\"stylesheet\" href=\"https:\/\/cdnjs.cloudflare.com\/ajax\/libs\/font-awesome\/6.5.0\/css\/all.min.css\">\n\n<!-- Seven circles around a center -->\n<div class=\"rb-circle-network\" id=\"rbCircleNetwork7\">\n\n  <!-- SVG for connector lines with arrows -->\n  <svg class=\"rb-lines\" viewbox=\"0 0 600 600\" preserveaspectratio=\"xMidYMid meet\"><\/svg>\n\n  <!-- Center circle -->\n  <div class=\"rb-circle rb-center\">\n    <b>Soliper steht f\u00fcr <br>nachhaltige Ergebnisse:<\/b>\n    <ul>\n      <li>Kostensenkung<\/li>\n      <li>Operational Performance<\/li>\n      <li>Risikoreduktion<\/li>\n      <li>Beschleunigung<\/li>\n    <\/ul>\n  <\/div>\n\n  <!-- Outer circles (edit labels as you like) -->\n  <div class=\"rb-circle\">\n    <i class=\"fa-solid fa-chart-line\" ><\/i><br>\n    Operations &#038; <\/br> Supply Chain\n  <\/div>\n\n  <div class=\"rb-circle\">\n    <i class=\"fa-solid fa-crosshairs\"><\/i><br>\n    Business<br>Strategy\n  <\/div>\n\n  <div class=\"rb-circle\">\n    <i class=\"fa-solid fa-arrows-rotate\"><\/i><br>\n    Change &#038; Transformation<br>Mgt\n  <\/div>\n\n  <div class=\"rb-circle\">\n    <i class=\"fa-solid fa-users\"><\/i><br>\n    Project &#038; Progress Management\n  <\/div>\n\n  <div class=\"rb-circle\">\n    <i class=\"fa-regular fa-thumbs-up\"><\/i><br>\n    Quality\n  <\/div>\n\n  <div class=\"rb-circle\">\n    <i class=\"fa-solid fa-gears\"><\/i><br>\n    Product Development &#038; Engineering\n  <\/div>\n\n  <div class=\"rb-circle\">\n    <i class=\"fa-regular fa-handshake\"><\/i><br>\n    Procurement\n  <\/div>\n<\/div>\n\n<style>\n  .rb-circle-network {\n    --size: 1000px;          \/* overall system size (was 600px) *\/\n    --circle: 190px;        \/* size of each circle (was 96px) *\/\n    --stroke: 2px;\n    --ring: 260px;          \/* distance from center (was 210px) *\/\n    --bg: rgba(255,255,255,0.6);\n    --border:#000;;\n    --font-size: 1px;\n    width: min(100%, var(--size));\n    aspect-ratio: 1 \/ 1;\n    position: relative;\n    display: block;\n    margin-inline: auto;     \/* centers in modern CSS *\/\n    margin-block: 2rem;      \/* top\/bottom spacing *\/\n    box-sizing: border-box;\n    margin: 2rem auto;\n   \/* font-family: system-ui, -apple-system, Segoe UI, Roboto, Arial, sans-serif;  *\/\n  }\n\n  .rb-lines {\n    position: absolute;\n    inset: 0;\n    width: 100%;\n    height: 100%;\n    overflow: visible;\n    \n    \n  }\n\n  .rb-circle {\n    position: absolute;\n    width: var(--circle);\n    height: var(--circle);\n    background: var(--bg);\n    border: var(--stroke) solid var(--border);\n    border-radius: 50%;\n    \/*** overflow: hidden; ***\/\n    display: flex;\n    flex-direction: column;\n    justify-content: center;   \/* keeps it centered horizontally *\/\n    align-items: center;       \/* pushes it to the bottom *\/\n    font-weight: 600;\n    font-size: 15px;\n    text-align: center;\n    box-sizing: border-box;\n    box-shadow: 0 2px 8px rgba(0,0,0,0.08);\n  }\n\n  .rb-circle i {\n    font-size: 2rem;     \/* make the icon bigger *\/\n    margin-bottom: 1px;  \/* space between icon and text *\/\n  }\n\n  .rb-center {\n    left: 50%;\n    top: 50%;\n    transform: translate(-50%, -50%);\n    background: #C6D5DC;\n    font-size: 12px;\n    font-color: #FFF;\n    text-align: left;\n    display: flex;\n  }\n\n  .rb-circle:not(.rb-center)::after {\n    content: attr(data-label);\n  }\n\n  @media (max-width: 560px) {\n    .rb-circle-network {\n      --ring: 34vw;\n      --circle: 72px;\n    }\n\n  .rb-center {font-size: 9px; padding: 4px;}\n\n  .rb-center b {              \/* titel  *\/\n    font-size: 10px;        \n    line-height: 1;\n    display: block;\n    margin-bottom: 4px;\n    text-align: center;\n  }\n\n  .rb-center ul {margin: 0; padding-left: 14px;}\n\n  .rb-center li {font-size: 8px; line-height: 1.25;}\n}\n  }\n<\/style>\n\n<script>\n  (function () {\n    const wrap = document.getElementById('rbCircleNetwork7');\n    if (!wrap) return;\n\n    const svg = wrap.querySelector('svg.rb-lines');\n    const centerEl = wrap.querySelector('.rb-center');\n    const outerEls = Array.from(wrap.querySelectorAll('.rb-circle:not(.rb-center)'));\n\n    const defs = document.createElementNS('http:\/\/www.w3.org\/2000\/svg','defs');\n    const marker = document.createElementNS('http:\/\/www.w3.org\/2000\/svg','marker');\n    marker.setAttribute('id','rb-arrow7');\n    marker.setAttribute('viewBox','0 0 10 10');\n    marker.setAttribute('refX','9');\n    marker.setAttribute('refY','5');\n    marker.setAttribute('markerWidth','5');\n    marker.setAttribute('markerHeight','5');\n    marker.setAttribute('orient','auto-start-reverse');\n\n    const arrow = document.createElementNS('http:\/\/www.w3.org\/2000\/svg','path');\n    arrow.setAttribute('d','M 0 0 L 10 5 L 0 10 z');\n    arrow.setAttribute('fill','#e46c0a');\n    marker.appendChild(arrow);\n    defs.appendChild(marker);\n    svg.appendChild(defs);\n\n    function layout() {\n      const rect = wrap.getBoundingClientRect();\n      const w = rect.width;\n      const h = rect.height;\n      const cx = w \/ 2;\n      const cy = h \/ 2;\n\n      svg.setAttribute('viewBox', `0 0 ${w} ${h}`);\n      svg.setAttribute('preserveAspectRatio', 'none'); \/\/ optional: ensures 1:1 mapping\n\n      const styles = getComputedStyle(wrap);\n      const ring = parseFloat(styles.getPropertyValue('--ring')) || 210;\n      const circle = parseFloat(styles.getPropertyValue('--circle')) || 96;\n\n      \/\/ Clear old lines\n      while (svg.lastChild && svg.lastChild.nodeName !== 'defs') {\n        svg.removeChild(svg.lastChild);\n      }\n\n      const count = outerEls.length; \/\/ 7 circles\n      for (let i = 0; i < count; i++) {\n        const angle = (-90 + i * (360 \/ count)) * (Math.PI \/ 180);\n        const ox = cx + ring * Math.cos(angle);\n        const oy = cy + ring * Math.sin(angle);\n\n        const el = outerEls[i];\n        el.style.left = (ox - circle \/ 2) + 'px';\n        el.style.top = (oy - circle \/ 2) + 'px';\n\n        const dirX = cx - ox;\n        const dirY = cy - oy;\n        const len = Math.hypot(dirX, dirY) || 1;\n        const edgeX = ox + (dirX \/ len) * (circle \/ 1.7);\n        const edgeY = oy + (dirY \/ len) * (circle \/ 1.7);\n        const innerX = cx - (dirX \/ len) * (circle \/ 1.7);\n        const innerY = cy - (dirY \/ len) * (circle \/ 1.7);\n\n        const line = document.createElementNS('http:\/\/www.w3.org\/2000\/svg','line');\n        line.setAttribute('x1', edgeX);\n        line.setAttribute('y1', edgeY);\n        line.setAttribute('x2', innerX);\n        line.setAttribute('y2', innerY);\n        line.setAttribute('stroke', '#e46c0a');\n        line.setAttribute('stroke-width', 2);\n        line.setAttribute('marker-end', 'url(#rb-arrow7)');\n        svg.appendChild(line);\n      }\n    }\n\n    layout();\n    let to;\n    window.addEventListener('resize', () => {\n      clearTimeout(to);\n      to = setTimeout(layout, 100);\n    });\n  })();\n<\/script>\n<\/div>\n<\/div><\/div>\n\n\n\n<div style=\"height:100px\" aria-hidden=\"true\" class=\"wp-block-spacer\"><\/div>\n<\/div><\/div>\n\n\n\n<div class=\"wp-block-cover alignfull is-light\" style=\"margin-top:0;padding-top:20px;padding-right:5vw;padding-bottom:20px;padding-left:5vw\" id=\"ourfounders\"><span aria-hidden=\"true\" class=\"wp-block-cover__background has-background-dim-100 has-background-dim\" style=\"background-color:#7da2af\"><\/span><div class=\"wp-block-cover__inner-container is-layout-flow wp-block-cover-is-layout-flow\">\n<div style=\"height:100px\" aria-hidden=\"true\" class=\"wp-block-spacer\"><\/div>\n\n\n\n<div class=\"wp-block-group bold is-layout-flow wp-container-core-group-is-layout-feb24848 wp-block-group-is-layout-flow\">\n<div class=\"wp-block-columns is-layout-flex wp-container-core-columns-is-layout-28f84493 wp-block-columns-is-layout-flex\">\n<div class=\"wp-block-column is-layout-flow wp-block-column-is-layout-flow\" style=\"flex-basis:20%\">\n<p class=\"has-text-align-left has-white-color has-text-color has-link-color wp-elements-52813251f38b803dbee2192d9224c9fa\" style=\"font-size:clamp(24.034px, 1.502rem + ((1vw - 3.2px) * 1.565), 40px);font-style:normal;font-weight:700;letter-spacing:0px;line-height:0.9;text-transform:none\">Unsere Gr\u00fcnder<\/p>\n<\/div>\n\n\n\n<div class=\"wp-block-column is-layout-flow wp-block-column-is-layout-flow\" style=\"padding-right:2rem;padding-left:0rem;flex-basis:60%\">\n<p class=\"has-medium-font-size\" style=\"margin-top:0;margin-bottom:0;padding-top:0;padding-bottom:0;font-style:normal;font-weight:700\"><strong><strong>SOLIPER wurde gegr\u00fcndet, um die nachweislichen Leisungssteigerungen gesch\u00e4ftsgetriebener, funktions\u00fcbergreifender Intergration - entwickelt und gesch\u00e4rft durch langj\u00e4hrige praktische Erfahrung in f\u00fchrenden Technologieunternehmen - f\u00fcr andere Organisationen nutzbar zu machen.<\/strong><\/strong><\/p>\n<\/div>\n<\/div>\n\n\n\n<div class=\"wp-block-columns is-layout-flex wp-container-core-columns-is-layout-28f84493 wp-block-columns-is-layout-flex\">\n<div class=\"wp-block-column is-layout-flow wp-block-column-is-layout-flow\" style=\"flex-basis:20%\"><\/div>\n\n\n\n<div class=\"wp-block-column has-medium-font-size is-layout-flow wp-block-column-is-layout-flow\" style=\"padding-right:2rem;padding-left:0rem;flex-basis:45%\">\n<p class=\"translation-block\">G\u00fcnther van de Rijt verf\u00fcgt \u00fcber mehr als 25 Jahre internationale Erfahrung in Procurement, Produktentwicklung, Operations sowie operativer und organisatorischer Transformation. Er hatte in leitenden, globalen Rollen Verantwortung f\u00fcr zentrale Funktionen bei internationalen Unternehmen wie Canon, Philips Healthcare, Ista und Sartorius. Mit einem technischem Hintergrund und ausgepr\u00e4gtem unternehmerischem Denken f\u00fchrte er\nOrganisationen durch strukturelle Leistungsverbesserungen, st\u00e4rkte Lieferketten, etablierte funktions\u00fcbergreifende Zusammenarbeit und realisierte nachhaltige Kostensenkungen.<\/p>\n\n\n\n<p>Er hat resiliente Lieferantennetzwerke in Europa, Asien und den USA aufgebaut, zweistellige Kosteneinsparungen erzielt, Produktionskapazit\u00e4ten skaliert und Versorgungsrisiken durch strategische Sourcing-Initiativen wie In- und Outsourcing, Value- und Reverse Engineering sowie Lieferantenverlagerungen reduziert.<\/p>\n\n\n\n<p>G\u00fcnther studierte an der TU Delft und der ETH Z\u00fcrich und h\u00e4lt einen Masterabschluss in Luft- und Raumfahrttechnik sowie einen MBA (cum laude) der Erasmus University Rotterdam. Er lebt in Deutschland und spricht Deutsch, Englisch und Niederl\u00e4ndisch flie\u00dfend.<\/p>\n<\/div>\n\n\n\n<div class=\"wp-block-column is-layout-flow wp-block-column-is-layout-flow\" style=\"flex-basis:20%\">\n<div class=\"wp-block-group image-wrapper has-global-padding is-layout-constrained wp-block-group-is-layout-constrained\">\n<div class=\"wp-block-group is-vertical is-content-justification-center is-layout-flex wp-container-core-group-is-layout-ce155fab wp-block-group-is-layout-flex\">\n<figure class=\"wp-block-image size-large is-resized founder-image is-style-default wp-duotone-unset-1\" style=\"margin-right:0;margin-left:0\"><img loading=\"lazy\" decoding=\"async\" width=\"769\" height=\"1024\" src=\"https:\/\/www.solipergroup.com\/wp-content\/uploads\/2025\/05\/pasfoto-GvdR-2023-zonder-achtergrond-769x1024.webp\" alt=\"\" class=\"wp-image-1901\" style=\"object-fit:cover;width:220px;height:300px\" srcset=\"https:\/\/www.solipergroup.com\/wp-content\/uploads\/2025\/05\/pasfoto-GvdR-2023-zonder-achtergrond-769x1024.webp 769w, https:\/\/www.solipergroup.com\/wp-content\/uploads\/2025\/05\/pasfoto-GvdR-2023-zonder-achtergrond-225x300.webp 225w, https:\/\/www.solipergroup.com\/wp-content\/uploads\/2025\/05\/pasfoto-GvdR-2023-zonder-achtergrond-768x1023.webp 768w, https:\/\/www.solipergroup.com\/wp-content\/uploads\/2025\/05\/pasfoto-GvdR-2023-zonder-achtergrond-1153x1536.webp 1153w, https:\/\/www.solipergroup.com\/wp-content\/uploads\/2025\/05\/pasfoto-GvdR-2023-zonder-achtergrond-1538x2048.webp 1538w, https:\/\/www.solipergroup.com\/wp-content\/uploads\/2025\/05\/pasfoto-GvdR-2023-zonder-achtergrond-scaled.webp 1922w\" sizes=\"auto, (max-width: 769px) 100vw, 769px\" \/><\/figure>\n\n\n\n<p class=\"has-text-align-center founder-name has-medium-font-size\" style=\"font-style:normal;font-weight:600\">G\u00fcnther van de Rijt<\/p>\n<\/div>\n<\/div>\n<\/div>\n<\/div>\n\n\n\n<div style=\"height:80px\" aria-hidden=\"true\" class=\"wp-block-spacer\"><\/div>\n<\/div>\n\n\n\n<div class=\"wp-block-group bold is-layout-flow wp-container-core-group-is-layout-feb24848 wp-block-group-is-layout-flow\">\n<div class=\"wp-block-columns is-layout-flex wp-container-core-columns-is-layout-28f84493 wp-block-columns-is-layout-flex\">\n<div class=\"wp-block-column is-layout-flow wp-block-column-is-layout-flow\" style=\"flex-basis:20%\"><\/div>\n\n\n\n<div class=\"wp-block-column is-layout-flow wp-block-column-is-layout-flow\" style=\"flex-basis:20%\">\n<div class=\"wp-block-group image-wrapper is-layout-flow wp-block-group-is-layout-flow\">\n<div class=\"wp-block-group is-vertical is-content-justification-center is-layout-flex wp-container-core-group-is-layout-ce155fab wp-block-group-is-layout-flex\">\n<figure class=\"wp-block-image size-full is-resized founder-image wp-duotone-unset-2\"><img loading=\"lazy\" decoding=\"async\" width=\"221\" height=\"265\" src=\"https:\/\/www.solipergroup.com\/wp-content\/uploads\/2025\/05\/Afbeelding2.png\" alt=\"\" class=\"wp-image-1818\" style=\"object-fit:cover;width:220px;height:300px\"\/><\/figure>\n\n\n\n<p class=\"founder-name has-medium-font-size\" style=\"font-style:normal;font-weight:600\">Koen Rijnsaardt<\/p>\n<\/div>\n<\/div>\n<\/div>\n\n\n\n<div class=\"wp-block-column bold has-medium-font-size is-layout-flow wp-block-column-is-layout-flow\" style=\"padding-right:1rem;padding-left:1rem;flex-basis:45%\">\n<div class=\"wp-block-group founder-text has-global-padding is-layout-constrained wp-block-group-is-layout-constrained\">\n<p class=\"translation-block\"><strong>Koen Rijnsaardt<\/strong> verf\u00fcgt \u00fcber mehr als 25 Jahre internationale Erfahrung in Procurement, Produktentwicklung sowie im Projekt- und Qualit\u00e4tsmanagement. Er verantwortete in leitenden Rollen zentrale Funktionen und Initiativen bei Unternehmen wie Canon, ASML, Neways, Marel, Agfa und Sartorius t\u00e4tig \u2013 in Branchen wie Elektronik, Biotechnologie, Healthcare, Automotive sowie Food &amp; Beverage.<\/p>\n\n\n\n<p>Er leitete High-Tech-Neuprodukteinf\u00fchrungen, gro\u00dfskalige Produktionsverlagerungen zwischen Europa und Asien und implementierte Qualit\u00e4tssysteme, die Output steigerten und Kosten reduzierten. Koen baute resiliente Lieferantennetzwerke auf, realisierte Cost-Down-Programme \u2013 einschlie\u00dflich Capex \u2013 und erzielte Ergebnisse durch einen pragmatischen, gesch\u00e4ftsorientierten Ansatz im direkten und indirekten Einkauf.<\/p>\n\n\n\n<p>Koen hat einen Masterabschluss in Maschinenbau von der TU Delft. Er lebt in den Niederlanden und spricht Niederl\u00e4ndisch und Englisch flie\u00dfend.<\/p>\n\n\n\n<a href=\"#main-section\" class=\"back-button\">\u2190 Zur\u00fcck<\/a>\n<\/div>\n<\/div>\n<\/div>\n<\/div>\n\n\n\n<div style=\"height:60px\" aria-hidden=\"true\" class=\"wp-block-spacer\"><\/div>\n<\/div><\/div>","protected":false},"excerpt":{"rendered":"","protected":false},"author":1,"featured_media":0,"parent":3095,"menu_order":0,"comment_status":"closed","ping_status":"closed","template":"","meta":{"footnotes":""},"class_list":["post-3370","page","type-page","status-publish","hentry"],"_links":{"self":[{"href":"https:\/\/www.solipergroup.com\/de\/wp-json\/wp\/v2\/pages\/3370","targetHints":{"allow":["GET"]}}],"collection":[{"href":"https:\/\/www.solipergroup.com\/de\/wp-json\/wp\/v2\/pages"}],"about":[{"href":"https:\/\/www.solipergroup.com\/de\/wp-json\/wp\/v2\/types\/page"}],"author":[{"embeddable":true,"href":"https:\/\/www.solipergroup.com\/de\/wp-json\/wp\/v2\/users\/1"}],"replies":[{"embeddable":true,"href":"https:\/\/www.solipergroup.com\/de\/wp-json\/wp\/v2\/comments?post=3370"}],"version-history":[{"count":146,"href":"https:\/\/www.solipergroup.com\/de\/wp-json\/wp\/v2\/pages\/3370\/revisions"}],"predecessor-version":[{"id":5168,"href":"https:\/\/www.solipergroup.com\/de\/wp-json\/wp\/v2\/pages\/3370\/revisions\/5168"}],"up":[{"embeddable":true,"href":"https:\/\/www.solipergroup.com\/de\/wp-json\/wp\/v2\/pages\/3095"}],"wp:attachment":[{"href":"https:\/\/www.solipergroup.com\/de\/wp-json\/wp\/v2\/media?parent=3370"}],"curies":[{"name":"wp","href":"https:\/\/api.w.org\/{rel}","templated":true}]}}