{"id":3925,"date":"2025-12-28T22:32:08","date_gmt":"2025-12-28T22:32:08","guid":{"rendered":"https:\/\/www.solipergroup.com\/?page_id=3925"},"modified":"2026-02-01T17:40:17","modified_gmt":"2026-02-01T17:40:17","slug":"engineering-value-creation","status":"publish","type":"page","link":"https:\/\/www.solipergroup.com\/de\/homepage\/engineering-value-creation\/","title":{"rendered":"Engineering &#038; Value Creation"},"content":{"rendered":"<div class=\"wp-block-cover alignfull is-light rb-cover\" style=\"margin-top:0;margin-bottom:0;padding-top:var(--wp--preset--spacing--20);padding-right:5vw;padding-bottom:var(--wp--preset--spacing--20);padding-left:5vw;min-height:300px;aspect-ratio:unset;\"><img loading=\"lazy\" decoding=\"async\" width=\"1024\" height=\"683\" class=\"wp-block-cover__image-background wp-image-3991 size-large\" alt=\"\" src=\"https:\/\/www.solipergroup.com\/wp-content\/uploads\/2025\/12\/abstract-blauw-3-1024x683.webp\" data-object-fit=\"cover\" srcset=\"https:\/\/www.solipergroup.com\/wp-content\/uploads\/2025\/12\/abstract-blauw-3-1024x683.webp 1024w, https:\/\/www.solipergroup.com\/wp-content\/uploads\/2025\/12\/abstract-blauw-3-300x200.webp 300w, https:\/\/www.solipergroup.com\/wp-content\/uploads\/2025\/12\/abstract-blauw-3-768x512.webp 768w, https:\/\/www.solipergroup.com\/wp-content\/uploads\/2025\/12\/abstract-blauw-3-1536x1024.webp 1536w, https:\/\/www.solipergroup.com\/wp-content\/uploads\/2025\/12\/abstract-blauw-3.webp 1920w\" sizes=\"auto, (max-width: 1024px) 100vw, 1024px\" \/><span aria-hidden=\"true\" class=\"wp-block-cover__background has-custom-soliper-blue-background-color has-background-dim-0 has-background-dim\"><\/span><div class=\"wp-block-cover__inner-container is-layout-flow wp-container-core-cover-is-layout-a4bf8581 wp-block-cover-is-layout-flow\">\n<div style=\"height:100px\" aria-hidden=\"true\" class=\"wp-block-spacer\"><\/div>\n\n\n\n<div class=\"wp-block-group is-layout-flow wp-container-core-group-is-layout-feb24848 wp-block-group-is-layout-flow\">\n<div class=\"wp-block-group has-global-padding is-content-justification-left is-layout-constrained wp-container-core-group-is-layout-12dd3699 wp-block-group-is-layout-constrained\">\n<p class=\"has-text-align-left has-white-color has-text-color has-link-color wp-elements-9c4902579ea41e62e04c34210a13683c\" style=\"font-size:clamp(33.419px, 2.089rem + ((1vw - 3.2px) * 2.606), 60px);font-style:normal;font-weight:700;line-height:1;text-transform:none\">Engineering &amp; Wertsch\u00f6pfung                          <\/p>\n\n\n\n<p class=\"has-base-color has-text-color has-link-color has-medium-font-size wp-elements-9321f804c40bd10ac757f382f157d5d8\" style=\"padding-top:0;padding-right:0;padding-bottom:0;font-style:normal;font-weight:600;line-height:0.6\"><\/p>\n<\/div>\n<\/div>\n\n\n\n<div style=\"height:60px\" aria-hidden=\"true\" class=\"wp-block-spacer\"><\/div>\n<\/div><\/div>\n\n\n\n<div class=\"wp-block-cover alignfull is-light\" style=\"margin-top:0;padding-top:20px;padding-right:5vw;padding-bottom:20px;padding-left:5vw\"><span aria-hidden=\"true\" class=\"wp-block-cover__background has-base-background-color has-background-dim-100 has-background-dim\"><\/span><div class=\"wp-block-cover__inner-container is-layout-flow wp-block-cover-is-layout-flow\">\n<div class=\"wp-block-group rb-overlap has-global-padding is-layout-constrained wp-block-group-is-layout-constrained\">\n<!-- CONTENT CARD -->\n<div class=\"info-card\">\n  <h3><b>Wertsch\u00f6pfung f\u00fcr neue und bestehende Produkte beschleunigen<\/b><\/h3>\n\n  <p class=\"translation-block\">Engineering ist der Ort, an dem Wert entsteht \u2013 oder verloren geht.\nVerz\u00f6gerungen, sp\u00e4te \u00dcbergaben oder \u00fcberholte Designentscheidungen k\u00f6nnen Leistung, Margen und Time-to-Market erheblich beeintr\u00e4chtigen.\nSOLIPER schafft Wert sowohl in Neuentwicklungen als auch in bestehenden Produktportfolios, indem Engineering, Einkauf und Operations integriert werden. Wir optimieren Produkte, Produktionsprozesse und die Umsetzung enlang der Lieferkette, um Markteinf\u00fchrungen zu beschleunigen, den gesch\u00e4ftlichen Beitrag zu steigern und die Wettbewerbsf\u00e4higkeit bestehender Produkte nachhaltig zu verl\u00e4ngern.<\/p>\n\n  <h3><b>Wie wir Wert schaffen<\/b><\/h3>\n  <ul class=\"tick-list\">\n    <li>Integratives Value Engineering f\u00fcr neue und bestehende Produkte<\/li>\n    <li>Produkt- und Prozessoptimierung<\/li>\n    <li>Design for Manufacturing und industrielle Skalierbarkeit<\/li>\n    <li>Make-or-Buy-Entscheidungen und Optimierung von Supply-L\u00f6sungen<\/li>\n    <li>Fr\u00fche Lieferanteneinbindung und technisches Sourcing<\/li>\n    <li>Unterst\u00fctzung der Industrialisierung und des Produktionsanlaufs<\/li>\n  <\/ul>\n\n<p> Wo relevant, stellen wir Konfigurationskontrolle, Compliance und eine reduzierte Umweltbelastung sicher \u2013 ohne Entwicklungs- oder Operationsprozesse zu verlangsamen. <\/p>\n\n  <p style=\"margin-top:16px;\" class=\"translation-block\">Ergebnis: k\u00fcrzere Time-to-Market, verbesserte Margen und langfristige Wettbewerbsf\u00e4higkeit.<\/p>\n<div class=\"links\" >\n  <a href=\"#\" onclick=\"history.back(); return false;\">\u2190 Zur\u00fcck<\/a>\n  <a href=\"\/de\/Homepage\/#home\">Startseite<\/a>\n  <a href=\"\/de\/capability-transformation\/\">Next \u2192<\/a>\n<\/div>\n<\/div>\n<style>\n\n\/* CONTENT CARD *\/\n.info-card {\n  background: #ffffff;\n  border-radius: 18px;\n  padding: 26px 22px;\n \n  max-width: 980px;\n  margin: 0 auto;\n}\n\n.info-card p {\n  margin: 0 0 14px;\n  line-height: 1.6;\n}\n\n.info-card h3 {\n  margin: 18px 0 10px;\n  font-size: 18px;\n}\n\n\/* TICK LIST *\/\n.tick-list {\n  list-style: none;\n  padding-left: 0;\n  margin: 0;\n}\n\n.tick-list li {\n  position: relative;\n  padding-left: 34px;\n  margin: 10px 0;\n  line-height: 1.5;\n}\n\n.tick-list li::before {\n  content: \"\u2714\";\n  position: absolute;\n  left: 0;\n  top: 0;\n  font-weight: 800;\n  color: #f7941d;\n}\n\n\/* MOBILE *\/\n@media (max-width: 768px) {\n  .info-hero {\n    padding: 60px 16px;\n    border-radius: 14px;\n  }\n\n  .info-card {\n    padding: 20px 16px;\n    border-radius: 14px;\n  }\n}\n\n.info-card b {\n  font-weight: 700; \n}\n\n.info-card h3 {\n   font-size: 1.5rem; }\n\n.links {\n  display: flex;\n  justify-content: space-between;\n}\n<\/style>\n<\/div>\n<\/div><\/div>","protected":false},"excerpt":{"rendered":"","protected":false},"author":1,"featured_media":0,"parent":3095,"menu_order":0,"comment_status":"closed","ping_status":"closed","template":"","meta":{"footnotes":""},"class_list":["post-3925","page","type-page","status-publish","hentry"],"_links":{"self":[{"href":"https:\/\/www.solipergroup.com\/de\/wp-json\/wp\/v2\/pages\/3925","targetHints":{"allow":["GET"]}}],"collection":[{"href":"https:\/\/www.solipergroup.com\/de\/wp-json\/wp\/v2\/pages"}],"about":[{"href":"https:\/\/www.solipergroup.com\/de\/wp-json\/wp\/v2\/types\/page"}],"author":[{"embeddable":true,"href":"https:\/\/www.solipergroup.com\/de\/wp-json\/wp\/v2\/users\/1"}],"replies":[{"embeddable":true,"href":"https:\/\/www.solipergroup.com\/de\/wp-json\/wp\/v2\/comments?post=3925"}],"version-history":[{"count":20,"href":"https:\/\/www.solipergroup.com\/de\/wp-json\/wp\/v2\/pages\/3925\/revisions"}],"predecessor-version":[{"id":5272,"href":"https:\/\/www.solipergroup.com\/de\/wp-json\/wp\/v2\/pages\/3925\/revisions\/5272"}],"up":[{"embeddable":true,"href":"https:\/\/www.solipergroup.com\/de\/wp-json\/wp\/v2\/pages\/3095"}],"wp:attachment":[{"href":"https:\/\/www.solipergroup.com\/de\/wp-json\/wp\/v2\/media?parent=3925"}],"curies":[{"name":"wp","href":"https:\/\/api.w.org\/{rel}","templated":true}]}}