{"id":3932,"date":"2025-12-28T22:35:40","date_gmt":"2025-12-28T22:35:40","guid":{"rendered":"https:\/\/www.solipergroup.com\/?page_id=3932"},"modified":"2026-02-01T17:49:06","modified_gmt":"2026-02-01T17:49:06","slug":"capability-transformation","status":"publish","type":"page","link":"https:\/\/www.solipergroup.com\/de\/homepage\/capability-transformation\/","title":{"rendered":"Capability &#038; Transformation"},"content":{"rendered":"<div class=\"wp-block-cover alignfull is-light rb-cover cover1\" style=\"margin-top:0;margin-bottom:0;padding-top:var(--wp--preset--spacing--20);padding-right:5vw;padding-bottom:var(--wp--preset--spacing--20);padding-left:5vw;min-height:300px;aspect-ratio:unset;\"><img loading=\"lazy\" decoding=\"async\" width=\"1024\" height=\"683\" class=\"wp-block-cover__image-background wp-image-3963 size-large\" alt=\"\" src=\"https:\/\/www.solipergroup.com\/wp-content\/uploads\/2025\/12\/abstract-blauw-1024x683.webp\" data-object-fit=\"cover\" srcset=\"https:\/\/www.solipergroup.com\/wp-content\/uploads\/2025\/12\/abstract-blauw-1024x683.webp 1024w, https:\/\/www.solipergroup.com\/wp-content\/uploads\/2025\/12\/abstract-blauw-300x200.webp 300w, https:\/\/www.solipergroup.com\/wp-content\/uploads\/2025\/12\/abstract-blauw-768x512.webp 768w, https:\/\/www.solipergroup.com\/wp-content\/uploads\/2025\/12\/abstract-blauw-1536x1024.webp 1536w, https:\/\/www.solipergroup.com\/wp-content\/uploads\/2025\/12\/abstract-blauw.webp 1920w\" sizes=\"auto, (max-width: 1024px) 100vw, 1024px\" \/><span aria-hidden=\"true\" class=\"wp-block-cover__background has-background-dim-0 has-background-dim\"><\/span><div class=\"wp-block-cover__inner-container is-layout-flow wp-container-core-cover-is-layout-a4bf8581 wp-block-cover-is-layout-flow\">\n<div style=\"height:100px\" aria-hidden=\"true\" class=\"wp-block-spacer\"><\/div>\n\n\n\n<div class=\"wp-block-group is-layout-flow wp-container-core-group-is-layout-feb24848 wp-block-group-is-layout-flow\">\n<div class=\"wp-block-group rb-cover-title has-global-padding is-content-justification-left is-layout-constrained wp-container-core-group-is-layout-12dd3699 wp-block-group-is-layout-constrained\">\n<p class=\"has-text-align-left has-white-color has-text-color has-link-color wp-elements-db5646d376bb68a40b0ecff5ca6b8d3a\" style=\"font-size:clamp(33.419px, 2.089rem + ((1vw - 3.2px) * 2.606), 60px);font-style:normal;font-weight:700;line-height:1;text-transform:none\">Capability &amp; Transformation<\/p>\n<\/div>\n<\/div>\n\n\n\n<div style=\"height:80px\" aria-hidden=\"true\" class=\"wp-block-spacer\"><\/div>\n<\/div><\/div>\n\n\n\n<div class=\"wp-block-cover alignfull is-light rb-overlap\" style=\"margin-top:0;padding-top:20px;padding-right:5vw;padding-bottom:20px;padding-left:5vw\"><span aria-hidden=\"true\" class=\"wp-block-cover__background has-base-background-color has-background-dim-100 has-background-dim\"><\/span><div class=\"wp-block-cover__inner-container is-layout-flow wp-block-cover-is-layout-flow\">\n<div class=\"wp-block-group has-global-padding is-layout-constrained wp-block-group-is-layout-constrained\">\n<!-- CONTENT CARD -->\n<div class=\"info-card\">\n <h3><b>Teams bef\u00e4higen. Ergebnisse nachhaltig sichern.<\/b><\/h3>\n  <p class=\"translation-block\">Nachhaltige Unternehmensperformance entsteht nicht durch Projekte allein. Ohne die richtigen F\u00e4higkeiten, Prozesse und Arbeitsweisen lassen sich Verbesserungen nicht dauerhaft in Ergebnisse \u00fcbersetzen.\n<br><br>\nSOLIPER unterst\u00fctzt Organisationen dabei, die notwendigen Capabilities aufzubauen und fest zu verankern, um Engineering-, Operations- und Supply-Chain-Performance nachhaltig zu sichern. Wir st\u00e4rken Teams, optimieren Prozesse und begleiten Ver\u00e4nderung \u2013 stets ausgerichtet an klaren Gesch\u00e4ftszielen und fundiert durch fokussierte Reifegradanalysen sowie eine klare Priorisierung. So stellen wir sicher, dass operative, technische und Supply-Chain-Initiativen messbaren gesch\u00e4ftlichen Mehrwert liefern.\n<br><br>\nUnser Fokus liegt darauf, Ihre Organisation zu bef\u00e4higen, eigenst\u00e4ndig leistungsf\u00e4hig zu bleiben und Ergebnisse langfristig zu sichern.<\/p>\n\n  <p style=\"margin-top:16px;\">\n    <b>Ergebnis:<\/b> st\u00e4rkere Teams, effektivere Prozesse und Verbesserungen, die nachhaltig wirken.<\/p>\n\n<div class=\"links\" >\n  <a href=\"#\" onclick=\"history.back(); return false;\">\u2190 Zur\u00fcck<\/a>\n  <a href=\"\/de\/Homepage\/#home\">Startseite<\/a>\n  <a href=\"\/de\/operational-cost-excellence\/\">Next \u2192<\/a>\n<\/div>\n<\/div>\n\n<style>\n\n\/* CONTENT CARD *\/\n.info-card {\n  background: #ffffff;\n  border-radius: 18px;\n  padding: 26px 22px;\n \/** box-shadow: 0 10px 30px rgba(0,0,0,0.08); **\/\n  max-width: 980px;\n  margin: 0 auto;\n}\n\n.info-card p {\n  margin: 0 0 14px;\n  line-height: 1.6;\n}\n\n.info-card h3 {\n  margin: 18px 0 10px;\n  font-size: 18px;\n}\n\n\/* TICK LIST *\/\n.tick-list {\n  list-style: none;\n  padding-left: 0;\n  margin: 0;\n}\n\n.tick-list li {\n  position: relative;\n  padding-left: 34px;\n  margin: 10px 0;\n  line-height: 1.5;\n}\n\n.tick-list li::before {\n  content: \"\u2714\";\n  position: absolute;\n  left: 0;\n  top: 0;\n  font-weight: 800;\n  color: #e46c0a;\n}\n\n\/* MOBILE *\/\n@media (max-width: 768px) {\n  .info-hero {\n    padding: 60px 16px;\n    border-radius: 14px;\n  }\n\n  .info-card {\n    padding: 20px 16px;\n    border-radius: 14px;\n  }\n}\n\n.info-card b {\n  font-weight: 700; \n}\n\n.info-card h3 {\n   font-size: 1.5rem; }\n\n.links {\n  display: flex;\n  justify-content: space-between;\n}\n\n<\/style>\n<\/div>\n<\/div><\/div>","protected":false},"excerpt":{"rendered":"","protected":false},"author":1,"featured_media":0,"parent":3095,"menu_order":0,"comment_status":"closed","ping_status":"closed","template":"","meta":{"footnotes":""},"class_list":["post-3932","page","type-page","status-publish","hentry"],"_links":{"self":[{"href":"https:\/\/www.solipergroup.com\/de\/wp-json\/wp\/v2\/pages\/3932","targetHints":{"allow":["GET"]}}],"collection":[{"href":"https:\/\/www.solipergroup.com\/de\/wp-json\/wp\/v2\/pages"}],"about":[{"href":"https:\/\/www.solipergroup.com\/de\/wp-json\/wp\/v2\/types\/page"}],"author":[{"embeddable":true,"href":"https:\/\/www.solipergroup.com\/de\/wp-json\/wp\/v2\/users\/1"}],"replies":[{"embeddable":true,"href":"https:\/\/www.solipergroup.com\/de\/wp-json\/wp\/v2\/comments?post=3932"}],"version-history":[{"count":45,"href":"https:\/\/www.solipergroup.com\/de\/wp-json\/wp\/v2\/pages\/3932\/revisions"}],"predecessor-version":[{"id":5274,"href":"https:\/\/www.solipergroup.com\/de\/wp-json\/wp\/v2\/pages\/3932\/revisions\/5274"}],"up":[{"embeddable":true,"href":"https:\/\/www.solipergroup.com\/de\/wp-json\/wp\/v2\/pages\/3095"}],"wp:attachment":[{"href":"https:\/\/www.solipergroup.com\/de\/wp-json\/wp\/v2\/media?parent=3932"}],"curies":[{"name":"wp","href":"https:\/\/api.w.org\/{rel}","templated":true}]}}