{"id":4091,"date":"2026-01-01T17:16:22","date_gmt":"2026-01-01T17:16:22","guid":{"rendered":"https:\/\/www.solipergroup.com\/?page_id=4091"},"modified":"2026-02-01T17:41:14","modified_gmt":"2026-02-01T17:41:14","slug":"projects-interim-professionals","status":"publish","type":"page","link":"https:\/\/www.solipergroup.com\/de\/projects-interim-professionals\/","title":{"rendered":"Projects &#038; Interim Professionals"},"content":{"rendered":"<div class=\"wp-block-cover alignfull is-light rb-cover\" style=\"margin-top:0;margin-bottom:0;padding-top:var(--wp--preset--spacing--20);padding-right:5vw;padding-bottom:var(--wp--preset--spacing--20);padding-left:5vw;min-height:300px;aspect-ratio:unset;\"><img loading=\"lazy\" decoding=\"async\" width=\"683\" height=\"1024\" class=\"wp-block-cover__image-background wp-image-4093 size-large\" alt=\"\" src=\"https:\/\/www.solipergroup.com\/wp-content\/uploads\/2026\/01\/jean-philippe-delberghe-75xPHEQBmvA-unsplash-683x1024.jpg\" data-object-fit=\"cover\" srcset=\"https:\/\/www.solipergroup.com\/wp-content\/uploads\/2026\/01\/jean-philippe-delberghe-75xPHEQBmvA-unsplash-683x1024.jpg 683w, https:\/\/www.solipergroup.com\/wp-content\/uploads\/2026\/01\/jean-philippe-delberghe-75xPHEQBmvA-unsplash-200x300.jpg 200w, https:\/\/www.solipergroup.com\/wp-content\/uploads\/2026\/01\/jean-philippe-delberghe-75xPHEQBmvA-unsplash-768x1152.jpg 768w, https:\/\/www.solipergroup.com\/wp-content\/uploads\/2026\/01\/jean-philippe-delberghe-75xPHEQBmvA-unsplash-1024x1536.jpg 1024w, https:\/\/www.solipergroup.com\/wp-content\/uploads\/2026\/01\/jean-philippe-delberghe-75xPHEQBmvA-unsplash-1365x2048.jpg 1365w, https:\/\/www.solipergroup.com\/wp-content\/uploads\/2026\/01\/jean-philippe-delberghe-75xPHEQBmvA-unsplash-8x12.jpg 8w, https:\/\/www.solipergroup.com\/wp-content\/uploads\/2026\/01\/jean-philippe-delberghe-75xPHEQBmvA-unsplash-scaled.jpg 1707w\" sizes=\"auto, (max-width: 683px) 100vw, 683px\" \/><span aria-hidden=\"true\" class=\"wp-block-cover__background has-custom-color-2-background-color has-background-dim-20 has-background-dim\"><\/span><div class=\"wp-block-cover__inner-container is-layout-flow wp-container-core-cover-is-layout-a4bf8581 wp-block-cover-is-layout-flow\">\n<div style=\"height:100px\" aria-hidden=\"true\" class=\"wp-block-spacer\"><\/div>\n\n\n\n<div class=\"wp-block-group is-layout-flow wp-container-core-group-is-layout-feb24848 wp-block-group-is-layout-flow\">\n<div class=\"wp-block-group has-global-padding is-content-justification-left is-layout-constrained wp-container-core-group-is-layout-12dd3699 wp-block-group-is-layout-constrained\">\n<p class=\"has-text-align-left has-white-color has-text-color has-link-color wp-elements-76ccda2f2aa60dd43fb0b8f454ae24b7\" style=\"font-size:clamp(33.419px, 2.089rem + ((1vw - 3.2px) * 2.606), 60px);font-style:normal;font-weight:700;line-height:1;text-transform:none\">Projekte &amp; Interim-Professionals<\/p>\n<\/div>\n<\/div>\n\n\n\n<div style=\"height:60px\" aria-hidden=\"true\" class=\"wp-block-spacer\"><\/div>\n<\/div><\/div>\n\n\n\n<div class=\"wp-block-cover alignfull is-light\" style=\"margin-top:0;padding-top:20px;padding-right:5vw;padding-bottom:20px;padding-left:5vw\"><span aria-hidden=\"true\" class=\"wp-block-cover__background has-base-background-color has-background-dim-100 has-background-dim\"><\/span><div class=\"wp-block-cover__inner-container is-layout-flow wp-block-cover-is-layout-flow\">\n<div class=\"wp-block-group rb-overlap has-global-padding is-layout-constrained wp-block-group-is-layout-constrained\">\n<!-- CONTENT CARD -->\n<div class=\"info-card\">\n  <h3><b>Beratung, wo sie sinnvoll ist. Umsetzung, wo sie Wirkung entfaltet.<\/b><\/h3>\n\n  <p class=\"translation-block\">Jede Herausforderung erfordert eine andere Form der Unterst\u00fctzung. Manchmal ist ein vollst\u00e4ndig gesteuertes Projekt die effektivste L\u00f6sung, in anderen F\u00e4llen erzielt eine gezielte Verst\u00e4rkung durch Interim-Professionals schneller Wirkung. <br>\nWir beschr\u00e4nken uns nicht auf Beratung \u2013 wir unterst\u00fctzen aktiv die Umsetzung und treiben diese voran, damit Verbesserungen tats\u00e4chlich realisiert werden. SOLIPER bietet sowohl projektbasierte Leistungen als auch Interim-Unterst\u00fctzung, stets mit einem ausgepr\u00e4gten Umsetzungsfokus und klar ausgerichtet an Ihren Gesch\u00e4ftszielen.<\/p> <br>\n\n  <h3><b>Projekte<\/b><\/h3>\n <p>Wir planen und realisieren Projekte end-to-end, von der Definition bis zur Umsetzung. Dabei \u00fcbernehmen wir die Verantwortung f\u00fcr Zielbild, Planung und Durchf\u00fchrung und besetzen Projekte mit der passenden Kombination aus Engineering-, Procurement- und Operations-Expertise. Alle auf dieser Website beschriebenen Themen k\u00f6nnen projektbasiert umgesetzt werden \u2013 von der Verbesserung der Supply-Chain-Performance und Cost-Down-Programmen \u00fcber Engineering- und Transformationsinitiativen bis hin zu Kapazit\u00e4tserweiterungen.\n <\/p>  <br>\n\n<h3><b>Interim-Professionals<\/b><\/h3>\n<p> Wenn eine direkte Verst\u00e4rkung erforderlich ist, stellt SOLIPER erfahrene Interim-Professionals in den Bereichen Procurement, Engineering, Operations und Supply Chain bereit. Unsere Professionals integrieren sich schnell in Ihre Organisation, arbeiten eigenst\u00e4ndig und leisten vom ersten Tag an einen messbaren Beitrag \u2013 vom Spezialisten- bis zum Management-Level.<\/p>\n\n <div class=\"links\">\n  <a href=\"#\" onclick=\"history.back(); return false;\">\u2190 Zur\u00fcck<\/a>\n<div class=\"link\">\n  <a href=\"\/de\/Homepage\/#home\">Startseite<\/a>\n<\/div>\n<\/div>\n<style>\n\n\/* CONTENT CARD *\/\n.info-card {\n  background: #ffffff;\n  border-radius: 18px;\n  padding: 26px 22px;\n  max-width: 980px;\n  margin: 0 auto;\n}\n\n.info-card p {\n  margin: 0 0 14px;\n  line-height: 1.6;\n}\n\n.info-card h3 {\n  margin: 18px 0 10px;\n  font-size: 18px;\n}\n\n\/* TICK LIST *\/\n.tick-list {\n  list-style: none;\n  padding-left: 0;\n  margin: 0;\n}\n\n.tick-list li {\n  position: relative;\n  padding-left: 34px;\n  margin: 10px 0;\n  line-height: 1.5;\n}\n\n.tick-list li::before {\n  content: \"\u2714\";\n  position: absolute;\n  left: 0;\n  top: 0;\n  font-weight: 800;\n  color: #f7941d;\n}\n\n\/* MOBILE *\/\n@media (max-width: 768px) {\n  .info-hero {\n    padding: 60px 16px;\n    border-radius: 14px;\n  }\n\n  .info-card {\n    padding: 20px 16px;\n    border-radius: 14px;\n  }\n}\n\n.info-card b {\n  font-weight: 700; \n}\n\n.info-card h3 {\n   font-size: 1.5rem; }\n\n\n\n.links {\n   display:flex;\n   flex-direction: row;\n   justify-content: space-between;\n   align-content: flex-start;  \n  \n}\n\n\n<\/style>\n<\/div>\n<\/div><\/div>","protected":false},"excerpt":{"rendered":"","protected":false},"author":1,"featured_media":0,"parent":0,"menu_order":0,"comment_status":"closed","ping_status":"closed","template":"","meta":{"footnotes":""},"class_list":["post-4091","page","type-page","status-publish","hentry"],"_links":{"self":[{"href":"https:\/\/www.solipergroup.com\/de\/wp-json\/wp\/v2\/pages\/4091","targetHints":{"allow":["GET"]}}],"collection":[{"href":"https:\/\/www.solipergroup.com\/de\/wp-json\/wp\/v2\/pages"}],"about":[{"href":"https:\/\/www.solipergroup.com\/de\/wp-json\/wp\/v2\/types\/page"}],"author":[{"embeddable":true,"href":"https:\/\/www.solipergroup.com\/de\/wp-json\/wp\/v2\/users\/1"}],"replies":[{"embeddable":true,"href":"https:\/\/www.solipergroup.com\/de\/wp-json\/wp\/v2\/comments?post=4091"}],"version-history":[{"count":37,"href":"https:\/\/www.solipergroup.com\/de\/wp-json\/wp\/v2\/pages\/4091\/revisions"}],"predecessor-version":[{"id":5273,"href":"https:\/\/www.solipergroup.com\/de\/wp-json\/wp\/v2\/pages\/4091\/revisions\/5273"}],"wp:attachment":[{"href":"https:\/\/www.solipergroup.com\/de\/wp-json\/wp\/v2\/media?parent=4091"}],"curies":[{"name":"wp","href":"https:\/\/api.w.org\/{rel}","templated":true}]}}